{"id":26348,"date":"2019-03-14T12:57:47","date_gmt":"2019-03-14T12:57:47","guid":{"rendered":"http:\/\/dev2.atlatszo.exot.hu\/privacy-statement\/"},"modified":"2023-12-14T17:09:55","modified_gmt":"2023-12-14T17:09:55","slug":"privacy-statement","status":"publish","type":"page","link":"https:\/\/prod2.atlatszo.exot.hu\/en\/privacy-statement\/","title":{"rendered":"Privacy statement"},"content":{"rendered":"\t\t<div data-elementor-type=\"wp-page\" data-elementor-id=\"26348\" class=\"elementor elementor-26348 elementor-6481\">\n\t\t\t\t\t\t\t<div class=\"elementor-element elementor-element-38fade2 e-flex e-con-boxed e-con e-parent\" data-id=\"38fade2\" data-element_type=\"container\" data-settings=\"{&quot;content_width&quot;:&quot;boxed&quot;}\" data-core-v316-plus=\"true\">\n\t\t\t\t\t<div class=\"e-con-inner\">\n\t\t\t\t<div class=\"elementor-element elementor-element-1445c82 elementor-widget elementor-widget-heading\" data-id=\"1445c82\" data-element_type=\"widget\" data-widget_type=\"heading.default\">\n\t\t\t\t<div class=\"elementor-widget-container\">\n\t\t\t<style>\/*! elementor - v3.17.0 - 08-11-2023 *\/\n.elementor-heading-title{padding:0;margin:0;line-height:1}.elementor-widget-heading .elementor-heading-title[class*=elementor-size-]>a{color:inherit;font-size:inherit;line-height:inherit}.elementor-widget-heading .elementor-heading-title.elementor-size-small{font-size:15px}.elementor-widget-heading .elementor-heading-title.elementor-size-medium{font-size:19px}.elementor-widget-heading .elementor-heading-title.elementor-size-large{font-size:29px}.elementor-widget-heading .elementor-heading-title.elementor-size-xl{font-size:39px}.elementor-widget-heading .elementor-heading-title.elementor-size-xxl{font-size:59px}<\/style><h2 class=\"elementor-heading-title elementor-size-default\">PRIVACY STATEMENT<\/h2>\t\t<\/div>\n\t\t\t\t<\/div>\n\t\t\t\t\t<\/div>\n\t\t\t\t<\/div>\n\t\t<div class=\"elementor-element elementor-element-99b8644 e-flex e-con-boxed e-con e-parent\" data-id=\"99b8644\" data-element_type=\"container\" data-settings=\"{&quot;content_width&quot;:&quot;boxed&quot;}\" data-core-v316-plus=\"true\">\n\t\t\t\t\t<div class=\"e-con-inner\">\n\t\t<div class=\"elementor-element elementor-element-d3f9626 e-con-full e-flex e-con e-child\" data-id=\"d3f9626\" data-element_type=\"container\" data-settings=\"{&quot;content_width&quot;:&quot;full&quot;}\">\n\t\t\t\t<div class=\"elementor-element elementor-element-33e3e2f how-we-work-text elementor-widget elementor-widget-text-editor\" data-id=\"33e3e2f\" data-element_type=\"widget\" data-widget_type=\"text-editor.default\">\n\t\t\t\t<div class=\"elementor-widget-container\">\n\t\t\t<style>\/*! elementor - v3.17.0 - 08-11-2023 *\/\n.elementor-widget-text-editor.elementor-drop-cap-view-stacked .elementor-drop-cap{background-color:#69727d;color:#fff}.elementor-widget-text-editor.elementor-drop-cap-view-framed .elementor-drop-cap{color:#69727d;border:3px solid;background-color:transparent}.elementor-widget-text-editor:not(.elementor-drop-cap-view-default) .elementor-drop-cap{margin-top:8px}.elementor-widget-text-editor:not(.elementor-drop-cap-view-default) .elementor-drop-cap-letter{width:1em;height:1em}.elementor-widget-text-editor .elementor-drop-cap{float:left;text-align:center;line-height:1;font-size:50px}.elementor-widget-text-editor .elementor-drop-cap-letter{display:inline-block}<\/style>\t\t\t\t<p>This is the privacy policy of \u00c1tl\u00e1tsz\u00f3 Erd\u00e9ly (<a href=\"https:\/\/atlatszo.ro\/en\/\" target=\"_blank\" rel=\"noopener noreferrer\">atlatszo.ro<\/a>) website which provides all relevant information regarding the collection of your personal data on donation systems and mailing lists of atlatszo.ro.<\/p><p>We need to gather personal data for the donation systems and mailing lists of \u00c1tl\u00e1tsz\u00f3 Erd\u00e9ly in order to keep in touch with our small donors and readers. Below you can find information on the legal aspects of our privacy policy.<\/p><h2>Who controls your personal data and what are the security measures taken to ensure the safety of your personal data?<\/h2><p><span lang=\"hu-HU\">Your personal data is processed by\u00a0<\/span>Asocia\u0163ia \u201eAtlatszo Erdely Egyesulet\u201d Association (Address: Petuniei 9\/52 400316 Cluj-Napoca, represented by: Sipos L\u00e1szl\u00f3 Zolt\u00e1n as President, email:\u00a0<a href=\"mailto:erdely@atlatszo.ro\" target=\"_blank\" rel=\"noopener noreferrer\">erdely@atlatszo.ro<\/a>, mobile phone:+40740530070).<\/p><p><span lang=\"hu-HU\">The data controller preserves the confidentiality of your personal data not published on\u00a0<\/span>\u00c1tl\u00e1tsz\u00f3 Erd\u00e9ly (<a href=\"https:\/\/atlatszo.ro\/en\/\" target=\"_blank\" rel=\"noopener noreferrer\">atlatszo.ro<\/a>) and manages these on an encrypted and password protected IT system. Data are stored on the MailChimp mailing system.<\/p><p>The collected personal data can only be accessed by senior staff and employees with data processing responsibilities.<\/p><p><span lang=\"hu-HU\">The collection and protection of your data complies with the\u00a0<\/span>Regulation (EU) 2016\/679 of the European Parliament and of the Council of 27 April 2016 on the protection of natural persons with regard to the processing of personal data and on the free movement of such data, as well as\u00a0<a href=\"https:\/\/eur-lex.europa.eu\/legal-content\/EN\/TXT\/?uri=CELEX%3A32016R0679\" target=\"_blank\" rel=\"noopener noreferrer\">Directive 95\/46\/EC (General Data Protection Regulation)<\/a>\u00a0(henceforth: GDPR).<\/p><h2>How can you access information regarding your personal data and how can you address your requests regarding data protection?<\/h2><p>You can request information on which kind of personal data we collect and for what reason, and how we manage these personal data. You can also ask for a copy of all your personal data we collected. We issue the copy of your personal data, on your request, in an articulate, widely used, readable and interoperable form, free of charge.<\/p><p><span lang=\"hu-HU\">We can only ensure your rights of disposition and access \u2013 due to data protection reasons \u2013 if we can identify you beforehand. For this reason we ask that you send all your requests, declarations or complaints related to data protection issues to the\u00a0<\/span><a href=\"mailto:erdely@atlatszo.ro\" target=\"_blank\" rel=\"noopener noreferrer\">erdely@atlatszo.ro<\/a>\u00a0email address from the email address that you used to register to \u00c1tl\u00e1tsz\u00f3 Erd\u00e9ly\u2019s system of donations and mailing list. If you fail to do so, you will need to identify yourself to exercise your rights. You can also use the\u00a0<a href=\"mailto:erdely@atlatszo.ro\" target=\"_blank\" rel=\"noopener noreferrer\">erdely@atlatszo.ro<\/a>\u00a0email address for suggestions regarding our privacy policy.<\/p><p><span lang=\"hu-HU\">In case of any illegal use of your personal data or any breach of your information self-determination rights you can take legal action at the Cluj Court of Law\u00a0<\/span>(Tribunalul Cluj \u2013 Doroban\u0163ilor Road 2-4, postal code 400117) or the court of law which has jurisdiction over your place of residence, or you may turn to the National Authority for the Supervision of the Processing of Personal Data (Autoritatea Na\u0163ional\u0103 de Supraveghere a Prelucr\u0103rii Datelor cu Caracter Personal \u2013 G-ral. Gheorghe Magheru Road 28-30, District 1, postal code 010336 Bucharest,\u00a0<a href=\"http:\/\/dataprotection.eu\/\" target=\"_blank\" rel=\"noopener noreferrer\">dataprotection.eu<\/a>).<\/p><h2>What kind of personal data we collect about our donors and subscribers and why?<\/h2><p>We collect the name of the person, and if the person donates to us through PayPal\/EuPlatesc interface, then we also collect their email address. In case of our mailing list subscribers, we collect their name and email. The reason for collecting these data is subsequent communication with our small donors (sending them thank you emails and informing them systematically about our work).<\/p><h2>Who has access to the data of our donors and subscribers?<\/h2><p>The collector gives no access to any person except the collector and the processor about the data of the donors and subscribers (name, email) without your previous consent \u2013 apart from fulfilling their legal, official or judicially determined duties.<\/p><h2>How long do we collect the data of our donors and subscribers?<\/h2><p>We collect the contact data of our small donors and subscribers until they withdraw their consent to do so.<\/p><h2>Can you ask for your data to be deleted or corrected or can you limit the collection of your data?<\/h2><p>The small donor or the subscriber can withdraw their consent regarding the collection of their data at any time and they can also request the limitation of the use of their data. In these cases these data are deleted without delay.<\/p><p>In case or erroneous data recording or changes in your data you can of course ask for data correction.<\/p>\t\t\t\t\t\t<\/div>\n\t\t\t\t<\/div>\n\t\t\t\t<\/div>\n\t\t\t\t\t<\/div>\n\t\t\t\t<\/div>\n\t\t\t\t\t\t\t<\/div>\n\t\t","protected":false},"excerpt":{"rendered":"<p>PRIVACY STATEMENT This is the privacy policy of \u00c1tl\u00e1tsz\u00f3 Erd\u00e9ly (atlatszo.ro) website which provides all relevant information regarding the collection of your personal data on donation systems and mailing lists of atlatszo.ro. We need to gather personal data for the donation systems and mailing lists of \u00c1tl\u00e1tsz\u00f3 Erd\u00e9ly in order to keep in touch with [&hellip;]<\/p>\n","protected":false},"author":5,"featured_media":0,"parent":0,"menu_order":0,"comment_status":"closed","ping_status":"closed","template":"elementor_header_footer","meta":{"footnotes":""},"ppma_author":[2991],"yoast_head":"<!-- This site is optimized with the Yoast SEO plugin v21.5 - https:\/\/yoast.com\/wordpress\/plugins\/seo\/ -->\n<title>Privacy statement - \u00c1tl\u00e1tsz\u00f3 Erd\u00e9ly<\/title>\n<meta name=\"description\" content=\"This is the privacy policy of \u00c1tl\u00e1tsz\u00f3 Erd\u00e9ly (atlatszo.ro) website which provides all relevant information regarding the collection of your personal data on donation systems and mailing lists of atlatszo.ro.\" \/>\n<meta name=\"robots\" content=\"index, follow, max-snippet:-1, max-image-preview:large, max-video-preview:-1\" \/>\n<link rel=\"canonical\" href=\"https:\/\/prod2.atlatszo.exot.hu\/en\/privacy-statement\/\" \/>\n<meta property=\"og:locale\" content=\"en_US\" \/>\n<meta property=\"og:type\" content=\"article\" \/>\n<meta property=\"og:title\" content=\"Privacy statement - \u00c1tl\u00e1tsz\u00f3 Erd\u00e9ly\" \/>\n<meta property=\"og:description\" content=\"This is the privacy policy of \u00c1tl\u00e1tsz\u00f3 Erd\u00e9ly (atlatszo.ro) website which provides all relevant information regarding the collection of your personal data on donation systems and mailing lists of atlatszo.ro.\" \/>\n<meta property=\"og:url\" content=\"https:\/\/prod2.atlatszo.exot.hu\/en\/privacy-statement\/\" \/>\n<meta property=\"og:site_name\" content=\"\u00c1tl\u00e1tsz\u00f3 Erd\u00e9ly\" \/>\n<meta property=\"article:publisher\" content=\"https:\/\/www.facebook.com\/atlatszoerdely\/\" \/>\n<meta property=\"article:modified_time\" content=\"2023-12-14T17:09:55+00:00\" \/>\n<meta name=\"twitter:card\" content=\"summary_large_image\" \/>\n<meta name=\"twitter:site\" content=\"@erdely_atlatszo\" \/>\n<meta name=\"twitter:label1\" content=\"Est. reading time\" \/>\n\t<meta name=\"twitter:data1\" content=\"4 minutes\" \/>\n<script type=\"application\/ld+json\" class=\"yoast-schema-graph\">{\"@context\":\"https:\/\/schema.org\",\"@graph\":[{\"@type\":\"WebPage\",\"@id\":\"https:\/\/prod2.atlatszo.exot.hu\/en\/privacy-statement\/\",\"url\":\"https:\/\/prod2.atlatszo.exot.hu\/en\/privacy-statement\/\",\"name\":\"Privacy statement - \u00c1tl\u00e1tsz\u00f3 Erd\u00e9ly\",\"isPartOf\":{\"@id\":\"https:\/\/prod2.atlatszo.exot.hu\/#website\"},\"datePublished\":\"2019-03-14T12:57:47+00:00\",\"dateModified\":\"2023-12-14T17:09:55+00:00\",\"description\":\"This is the privacy policy of \u00c1tl\u00e1tsz\u00f3 Erd\u00e9ly (atlatszo.ro) website which provides all relevant information regarding the collection of your personal data on donation systems and mailing lists of atlatszo.ro.\",\"breadcrumb\":{\"@id\":\"https:\/\/prod2.atlatszo.exot.hu\/en\/privacy-statement\/#breadcrumb\"},\"inLanguage\":\"en-US\",\"potentialAction\":[{\"@type\":\"ReadAction\",\"target\":[\"https:\/\/prod2.atlatszo.exot.hu\/en\/privacy-statement\/\"]}]},{\"@type\":\"BreadcrumbList\",\"@id\":\"https:\/\/prod2.atlatszo.exot.hu\/en\/privacy-statement\/#breadcrumb\",\"itemListElement\":[{\"@type\":\"ListItem\",\"position\":1,\"name\":\"Home\",\"item\":\"https:\/\/atlatszo.ro\/en\/\"},{\"@type\":\"ListItem\",\"position\":2,\"name\":\"Privacy statement\"}]},{\"@type\":\"WebSite\",\"@id\":\"https:\/\/prod2.atlatszo.exot.hu\/#website\",\"url\":\"https:\/\/prod2.atlatszo.exot.hu\/\",\"name\":\"\u00c1tl\u00e1tsz\u00f3 Erd\u00e9ly\",\"description\":\"\u00c1tl\u00e1tsz\u00f3 Erd\u00e9ly\",\"publisher\":{\"@id\":\"https:\/\/prod2.atlatszo.exot.hu\/#organization\"},\"potentialAction\":[{\"@type\":\"SearchAction\",\"target\":{\"@type\":\"EntryPoint\",\"urlTemplate\":\"https:\/\/prod2.atlatszo.exot.hu\/?s={search_term_string}\"},\"query-input\":\"required name=search_term_string\"}],\"inLanguage\":\"en-US\"},{\"@type\":\"Organization\",\"@id\":\"https:\/\/prod2.atlatszo.exot.hu\/#organization\",\"name\":\"\u00c1tl\u00e1tsz\u00f3 Erd\u00e9ly\",\"url\":\"https:\/\/prod2.atlatszo.exot.hu\/\",\"logo\":{\"@type\":\"ImageObject\",\"inLanguage\":\"en-US\",\"@id\":\"https:\/\/prod2.atlatszo.exot.hu\/#\/schema\/logo\/image\/\",\"url\":\"https:\/\/atlatszo.ro\/wp-content\/uploads\/2022\/06\/logo-atlatszo.png\",\"contentUrl\":\"https:\/\/atlatszo.ro\/wp-content\/uploads\/2022\/06\/logo-atlatszo.png\",\"width\":270,\"height\":104,\"caption\":\"\u00c1tl\u00e1tsz\u00f3 Erd\u00e9ly\"},\"image\":{\"@id\":\"https:\/\/prod2.atlatszo.exot.hu\/#\/schema\/logo\/image\/\"},\"sameAs\":[\"https:\/\/www.facebook.com\/atlatszoerdely\/\",\"https:\/\/twitter.com\/erdely_atlatszo\",\"https:\/\/www.instagram.com\/atlatszo_erdely\/\",\"https:\/\/www.youtube.com\/channel\/UC6lunfqCrLA0aDAjt1--TKg\"]}]}<\/script>\n<!-- \/ Yoast SEO plugin. -->","yoast_head_json":{"title":"Privacy statement - \u00c1tl\u00e1tsz\u00f3 Erd\u00e9ly","description":"This is the privacy policy of \u00c1tl\u00e1tsz\u00f3 Erd\u00e9ly (atlatszo.ro) website which provides all relevant information regarding the collection of your personal data on donation systems and mailing lists of atlatszo.ro.","robots":{"index":"index","follow":"follow","max-snippet":"max-snippet:-1","max-image-preview":"max-image-preview:large","max-video-preview":"max-video-preview:-1"},"canonical":"https:\/\/prod2.atlatszo.exot.hu\/en\/privacy-statement\/","og_locale":"en_US","og_type":"article","og_title":"Privacy statement - \u00c1tl\u00e1tsz\u00f3 Erd\u00e9ly","og_description":"This is the privacy policy of \u00c1tl\u00e1tsz\u00f3 Erd\u00e9ly (atlatszo.ro) website which provides all relevant information regarding the collection of your personal data on donation systems and mailing lists of atlatszo.ro.","og_url":"https:\/\/prod2.atlatszo.exot.hu\/en\/privacy-statement\/","og_site_name":"\u00c1tl\u00e1tsz\u00f3 Erd\u00e9ly","article_publisher":"https:\/\/www.facebook.com\/atlatszoerdely\/","article_modified_time":"2023-12-14T17:09:55+00:00","twitter_card":"summary_large_image","twitter_site":"@erdely_atlatszo","twitter_misc":{"Est. reading time":"4 minutes"},"schema":{"@context":"https:\/\/schema.org","@graph":[{"@type":"WebPage","@id":"https:\/\/prod2.atlatszo.exot.hu\/en\/privacy-statement\/","url":"https:\/\/prod2.atlatszo.exot.hu\/en\/privacy-statement\/","name":"Privacy statement - \u00c1tl\u00e1tsz\u00f3 Erd\u00e9ly","isPartOf":{"@id":"https:\/\/prod2.atlatszo.exot.hu\/#website"},"datePublished":"2019-03-14T12:57:47+00:00","dateModified":"2023-12-14T17:09:55+00:00","description":"This is the privacy policy of \u00c1tl\u00e1tsz\u00f3 Erd\u00e9ly (atlatszo.ro) website which provides all relevant information regarding the collection of your personal data on donation systems and mailing lists of atlatszo.ro.","breadcrumb":{"@id":"https:\/\/prod2.atlatszo.exot.hu\/en\/privacy-statement\/#breadcrumb"},"inLanguage":"en-US","potentialAction":[{"@type":"ReadAction","target":["https:\/\/prod2.atlatszo.exot.hu\/en\/privacy-statement\/"]}]},{"@type":"BreadcrumbList","@id":"https:\/\/prod2.atlatszo.exot.hu\/en\/privacy-statement\/#breadcrumb","itemListElement":[{"@type":"ListItem","position":1,"name":"Home","item":"https:\/\/atlatszo.ro\/en\/"},{"@type":"ListItem","position":2,"name":"Privacy statement"}]},{"@type":"WebSite","@id":"https:\/\/prod2.atlatszo.exot.hu\/#website","url":"https:\/\/prod2.atlatszo.exot.hu\/","name":"\u00c1tl\u00e1tsz\u00f3 Erd\u00e9ly","description":"\u00c1tl\u00e1tsz\u00f3 Erd\u00e9ly","publisher":{"@id":"https:\/\/prod2.atlatszo.exot.hu\/#organization"},"potentialAction":[{"@type":"SearchAction","target":{"@type":"EntryPoint","urlTemplate":"https:\/\/prod2.atlatszo.exot.hu\/?s={search_term_string}"},"query-input":"required name=search_term_string"}],"inLanguage":"en-US"},{"@type":"Organization","@id":"https:\/\/prod2.atlatszo.exot.hu\/#organization","name":"\u00c1tl\u00e1tsz\u00f3 Erd\u00e9ly","url":"https:\/\/prod2.atlatszo.exot.hu\/","logo":{"@type":"ImageObject","inLanguage":"en-US","@id":"https:\/\/prod2.atlatszo.exot.hu\/#\/schema\/logo\/image\/","url":"https:\/\/atlatszo.ro\/wp-content\/uploads\/2022\/06\/logo-atlatszo.png","contentUrl":"https:\/\/atlatszo.ro\/wp-content\/uploads\/2022\/06\/logo-atlatszo.png","width":270,"height":104,"caption":"\u00c1tl\u00e1tsz\u00f3 Erd\u00e9ly"},"image":{"@id":"https:\/\/prod2.atlatszo.exot.hu\/#\/schema\/logo\/image\/"},"sameAs":["https:\/\/www.facebook.com\/atlatszoerdely\/","https:\/\/twitter.com\/erdely_atlatszo","https:\/\/www.instagram.com\/atlatszo_erdely\/","https:\/\/www.youtube.com\/channel\/UC6lunfqCrLA0aDAjt1--TKg"]}]}},"_links":{"self":[{"href":"https:\/\/prod2.atlatszo.exot.hu\/en\/wp-json\/wp\/v2\/pages\/26348"}],"collection":[{"href":"https:\/\/prod2.atlatszo.exot.hu\/en\/wp-json\/wp\/v2\/pages"}],"about":[{"href":"https:\/\/prod2.atlatszo.exot.hu\/en\/wp-json\/wp\/v2\/types\/page"}],"author":[{"embeddable":true,"href":"https:\/\/prod2.atlatszo.exot.hu\/en\/wp-json\/wp\/v2\/users\/5"}],"replies":[{"embeddable":true,"href":"https:\/\/prod2.atlatszo.exot.hu\/en\/wp-json\/wp\/v2\/comments?post=26348"}],"version-history":[{"count":3,"href":"https:\/\/prod2.atlatszo.exot.hu\/en\/wp-json\/wp\/v2\/pages\/26348\/revisions"}],"predecessor-version":[{"id":45051,"href":"https:\/\/prod2.atlatszo.exot.hu\/en\/wp-json\/wp\/v2\/pages\/26348\/revisions\/45051"}],"wp:attachment":[{"href":"https:\/\/prod2.atlatszo.exot.hu\/en\/wp-json\/wp\/v2\/media?parent=26348"}],"wp:term":[{"taxonomy":"author","embeddable":true,"href":"https:\/\/prod2.atlatszo.exot.hu\/en\/wp-json\/wp\/v2\/ppma_author?post=26348"}],"curies":[{"name":"wp","href":"https:\/\/api.w.org\/{rel}","templated":true}]}}